{"id":62,"date":"2022-12-25T17:44:51","date_gmt":"2022-12-25T16:44:51","guid":{"rendered":"https:\/\/www.okeangallery.com\/site\/?page_id=62"},"modified":"2025-12-11T12:28:15","modified_gmt":"2025-12-11T11:28:15","slug":"shop","status":"publish","type":"page","link":"https:\/\/www.okeangallery.com\/site\/fr\/shop\/","title":{"rendered":"Achat"},"content":{"rendered":"<\/p>\n<!-- \/wp:post-content -->\n\n<!-- wp:heading -->\n<h2 class=\"wp-block-heading\">Acquisition<\/h2>\n<!-- \/wp:heading -->\n\n<!-- wp:paragraph -->\n<p><strong>Grande nouvelle : ma nouvelle <a href=\"http:\/\/www.olgakataevarochford.com\/\">boutique en ligne<\/a> est d\u00e9sormais disponible : <a href=\"https:\/\/www.olgakataevarochford.com\/\" target=\"_blank\" rel=\"noreferrer noopener\">https:\/\/www.olgakataevarochford.com\/<\/a><br>Vous pouvez acheter mes \u0153uvres directement sur ce site web, simple et facile \u00e0 utiliser.<\/strong><\/p>\n<!-- \/wp:paragraph -->\n\n<!-- wp:paragraph -->\n<p>Ce site web sera mis \u00e0 jour progressivement.<\/p>\n<!-- \/wp:paragraph -->\n\n<!-- wp:paragraph -->\n<p><strong>Si vous avez choisi l&rsquo;\u0153uvre que vous souhaitez acqu\u00e9rir, mais que vous ne la trouvez pas ici, veuillez m&rsquo;envoyer un message : olga.rochford.art@gmail.com<\/strong><\/p>\n<!-- \/wp:paragraph -->\n\n<!-- wp:heading -->\n<h2 class=\"wp-block-heading\">Commande<\/h2>\n<!-- \/wp:heading -->\n\n<!-- wp:paragraph -->\n<p>Mon style vous pla\u00eet et vous souhaitez me proposer un projet\u202f?<br>Vous d\u00e9sirez offrir un portrait \u00e0 votre proche\u202f?<br>Vous avez un coup de c\u0153ur pour une \u0153uvre, mais elle n&rsquo;est pas disponible\u202f?<br>\u00c9crivez-moi pour passer une commande\u00a0: olga.rochford.art@gmail.com<\/p>\n<!-- \/wp:paragraph -->\n\n<!-- wp:heading -->\n<h2 class=\"wp-block-heading\">D\u00e9duction fiscale pour l&rsquo;achat d&rsquo;\u0153uvres d&rsquo;art<\/h2>\n<!-- \/wp:heading -->\n\n<!-- wp:paragraph -->\n<p>Saviez-vous que l\u2019acquisition d&rsquo;\u0153uvres ou d&rsquo;objets d&rsquo;art donne droit \u00e0 une r\u00e9duction d&rsquo;imp\u00f4t ? <br>Investir dans les \u0153uvres d&rsquo;art peut \u00eatre avantageux fiscalement pour une entreprise, mais aussi pour les particuliers soumis \u00e0 l&rsquo;IFI (Imp\u00f4t sur la Fortune Immobili\u00e8re). Vous trouverez des informations d\u00e9taill\u00e9es sous ces liens:<\/p>\n<!-- \/wp:paragraph -->\n\n<!-- wp:paragraph -->\n<p><a href=\"https:\/\/www.service-public.fr\/professionnels-entreprises\/vosdroits\/F32914\">https:\/\/www.service-public.fr\/professionnels-entreprises\/vosdroits\/F32914<\/a><br><a href=\"https:\/\/www.defisc-impot.fr\/conseils-defiscalisation\/defiscalisation-oeuvre-art\/\">https:\/\/www.defisc-impot.fr\/conseils-defiscalisation\/defiscalisation-oeuvre-art\/<\/a><br><a href=\"https:\/\/www.lamaisondesartistes.fr\/site\/mode-demploi-de-la-deduction-des-depenses-dacquisitions-doeuvres-originales-dartistes-vivants-article-238-bis-ab-du-code-general-des-impots\/\">https:\/\/www.lamaisondesartistes.fr\/site\/mode-demploi-de-la-deduction-des-depenses-dacquisitions-doeuvres-originales-dartistes-vivants-article-238-bis-ab-du-code-general-des-impots\/<\/a><\/p>\n<!-- \/wp:paragraph -->\n\n<!-- wp:heading -->\n<h2 class=\"wp-block-heading\">Tarifs<\/h2>\n<!-- \/wp:heading -->\n\n<!-- wp:paragraph -->\n<p>Je vous enverrai un devis personnalis\u00e9 sur demande.<br>Les tarifs de livraison ne sont pas inclus dans le prix de l&rsquo;\u0153uvre<\/p>\n<!-- \/wp:paragraph -->\n\n<!-- wp:heading -->\n<h2 class=\"wp-block-heading\">Paiement<\/h2>\n<!-- \/wp:heading -->\n\n<!-- wp:paragraph -->\n<p>Paiement par Paypal ou virement bancaire.<br>Il est possible de payer par ch\u00e8que ou en liquide si vous r\u00e9cup\u00e9rez l&rsquo;oeuvre en personne.<\/p>\n<!-- \/wp:paragraph -->\n\n<!-- wp:heading -->\n<h2 class=\"wp-block-heading\">Livraison<\/h2>\n<!-- \/wp:heading -->\n\n<!-- wp:paragraph -->\n<p>Livraison partout dans le monde depuis mon atelier en France.<br>Les frais de transports ne sont pas inclus dans le prix de l&rsquo;\u0153uvre.<br>Je trouverai pour vous la solution la plus s\u00fbre et \u00e9conomique, en fonction de la destination.<br>Une fois que votre paiement a \u00e9t\u00e9 valid\u00e9, l&rsquo;\u0153uvre d&rsquo;art sera emball\u00e9e et exp\u00e9di\u00e9e \u00e0 l&rsquo;adresse que vous avez indiqu\u00e9e. Veuillez tenir compte des d\u00e9lais d&rsquo;exp\u00e9dition standard pour votre lieu de r\u00e9sidence dans le monde entier.<br>Les \u0153uvres sont exp\u00e9di\u00e9es dans un emballage professionnel de qualit\u00e9, avec un certificat d&rsquo;authenticit\u00e9.<\/p>\n<!-- \/wp:paragraph -->\n\n<!-- wp:heading -->\n<h2 class=\"wp-block-heading\">Douanes et taxes d&rsquo;importation<\/h2>\n<!-- \/wp:heading -->\n\n<!-- wp:paragraph -->\n<p>Les acheteurs sont responsables de toutes les taxes de douane et d&rsquo;importation qui peuvent s&rsquo;appliquer. Je ne suis pas responsable des retards dus aux douanes.<\/p>\n<!-- \/wp:paragraph -->\n\n<!-- wp:heading -->\n<h2 class=\"wp-block-heading\">Encadrement<\/h2>\n<!-- \/wp:heading -->\n\n<!-- wp:paragraph -->\n<p>Mes peintures sur toile sont pr\u00eates \u00e0 \u00eatre accroch\u00e9es. L&rsquo;encadrement n&rsquo;est pas indispensable mais vous \u00eates libre de choisir l&rsquo;encadrement qui convient parfaitement \u00e0 votre int\u00e9rieur. Je peux vous donner des conseils pour le choix optimal, si besoin.<\/p>\n<!-- \/wp:paragraph -->\n\n<!-- wp:paragraph -->\n<p>Les \u0153uvres sur papier et les impressions gicl\u00e9e sont pr\u00eates \u00e0 \u00eatre encadr\u00e9es.<\/p>\n<!-- \/wp:paragraph -->\n\n<!-- wp:paragraph -->\n<p>","protected":false},"excerpt":{"rendered":"<p>Acquisition Grande nouvelle : ma nouvelle boutique en ligne est d\u00e9sormais disponible : https:\/\/www.olgakataevarochford.com\/Vous pouvez acheter mes \u0153uvres directement sur ce site web, simple et<a href=\"https:\/\/www.okeangallery.com\/site\/fr\/shop\/\" class=\"more-link\"><span class=\"screen-reader-text\"> \u00ab\u00a0Achat\u00a0\u00bb<\/span><\/a><\/p>\n","protected":false},"author":1,"featured_media":0,"parent":0,"menu_order":0,"comment_status":"closed","ping_status":"closed","template":"","meta":{"footnotes":""},"class_list":["post-62","page","type-page","status-publish","hentry"],"translation":{"provider":"WPGlobus","version":"3.0.0","language":"fr","enabled_languages":["en","fr","ru","zh"],"languages":{"en":{"title":true,"content":true,"excerpt":false},"fr":{"title":true,"content":true,"excerpt":false},"ru":{"title":true,"content":true,"excerpt":false},"zh":{"title":false,"content":false,"excerpt":false}}},"yoast_head":"<!-- This site is optimized with the Yoast SEO plugin v24.0 - https:\/\/yoast.com\/wordpress\/plugins\/seo\/ -->\n<title>Achat - Olga Kataeva-Rochford<\/title>\n<meta name=\"robots\" content=\"index, follow, max-snippet:-1, max-image-preview:large, max-video-preview:-1\" \/>\n<link rel=\"canonical\" href=\"https:\/\/www.okeangallery.com\/site\/shop\/\" \/>\n<meta property=\"og:locale\" content=\"fr_FR\" \/>\n<meta property=\"og:type\" content=\"article\" \/>\n<meta property=\"og:title\" content=\"Achat - Olga Kataeva-Rochford\" \/>\n<meta property=\"og:url\" content=\"https:\/\/www.okeangallery.com\/site\/shop\/\" \/>\n<meta property=\"og:site_name\" content=\"Olga Kataeva-Rochford\" \/>\n<meta property=\"article:modified_time\" content=\"2025-12-11T11:28:15+00:00\" \/>\n<meta name=\"twitter:card\" content=\"summary_large_image\" \/>\n<meta name=\"twitter:label1\" content=\"Dur\u00e9e de lecture estim\u00e9e\" \/>\n\t<meta name=\"twitter:data1\" content=\"5 minutes\" \/>\n<script type=\"application\/ld+json\" class=\"yoast-schema-graph\">{\"@context\":\"https:\/\/schema.org\",\"@graph\":[{\"@type\":\"WebPage\",\"@id\":\"https:\/\/www.okeangallery.com\/site\/shop\/\",\"url\":\"https:\/\/www.okeangallery.com\/site\/shop\/\",\"name\":\"Achat - Olga Kataeva-Rochford\",\"isPartOf\":{\"@id\":\"https:\/\/www.okeangallery.com\/site\/#website\"},\"datePublished\":\"2022-12-25T16:44:51+00:00\",\"dateModified\":\"2025-12-11T11:28:15+00:00\",\"breadcrumb\":{\"@id\":\"https:\/\/www.okeangallery.com\/site\/shop\/#breadcrumb\"},\"inLanguage\":\"fr-FR\",\"potentialAction\":[{\"@type\":\"ReadAction\",\"target\":[\"https:\/\/www.okeangallery.com\/site\/shop\/\"]}]},{\"@type\":\"BreadcrumbList\",\"@id\":\"https:\/\/www.okeangallery.com\/site\/shop\/#breadcrumb\",\"itemListElement\":[{\"@type\":\"ListItem\",\"position\":1,\"name\":\"Home\",\"item\":\"https:\/\/www.okeangallery.com\/site\/\"},{\"@type\":\"ListItem\",\"position\":2,\"name\":\"Achat\"}]},{\"@type\":\"WebSite\",\"@id\":\"https:\/\/www.okeangallery.com\/site\/#website\",\"url\":\"https:\/\/www.okeangallery.com\/site\/\",\"name\":\"{:en}Olga Kataeva-Rochford{:}{:fr}Olga Kataeva-Rochford{:}{:ru}Olga Kataeva-Rochford{:}{:zh}\u5965\u5c14\u52a0-\u5361\u5854\u8036\u5a03-\u7f57\u8d6b\u798f\u5fb7{:}\",\"description\":\"Une artiste inspir\u00e9e par le voyage et la libert\u00e9\",\"publisher\":{\"@id\":\"https:\/\/www.okeangallery.com\/site\/#organization\"},\"potentialAction\":[{\"@type\":\"SearchAction\",\"target\":{\"@type\":\"EntryPoint\",\"urlTemplate\":\"https:\/\/www.okeangallery.com\/site\/?s={search_term_string}\"},\"query-input\":{\"@type\":\"PropertyValueSpecification\",\"valueRequired\":true,\"valueName\":\"search_term_string\"}}],\"inLanguage\":\"fr-FR\"},{\"@type\":\"Organization\",\"@id\":\"https:\/\/www.okeangallery.com\/site\/#organization\",\"name\":\"{:en}Olga Kataeva-Rochford{:}{:fr}Olga Kataeva-Rochford{:}{:ru}Olga Kataeva-Rochford{:}{:zh}\u5965\u5c14\u52a0-\u5361\u5854\u8036\u5a03-\u7f57\u8d6b\u798f\u5fb7{:}\",\"url\":\"https:\/\/www.okeangallery.com\/site\/\",\"logo\":{\"@type\":\"ImageObject\",\"inLanguage\":\"fr-FR\",\"@id\":\"https:\/\/www.okeangallery.com\/site\/#\/schema\/logo\/image\/\",\"url\":\"https:\/\/www.okeangallery.com\/site\/wp-content\/uploads\/2023\/08\/logo-kataeva.jpg\",\"contentUrl\":\"https:\/\/www.okeangallery.com\/site\/wp-content\/uploads\/2023\/08\/logo-kataeva.jpg\",\"width\":673,\"height\":636,\"caption\":\"{:en}Olga Kataeva-Rochford{:}{:fr}Olga Kataeva-Rochford{:}{:ru}Olga Kataeva-Rochford{:}{:zh}\u5965\u5c14\u52a0-\u5361\u5854\u8036\u5a03-\u7f57\u8d6b\u798f\u5fb7{:}\"},\"image\":{\"@id\":\"https:\/\/www.okeangallery.com\/site\/#\/schema\/logo\/image\/\"}}]}<\/script>\n<!-- \/ Yoast SEO plugin. -->","yoast_head_json":{"title":"Achat - Olga Kataeva-Rochford","robots":{"index":"index","follow":"follow","max-snippet":"max-snippet:-1","max-image-preview":"max-image-preview:large","max-video-preview":"max-video-preview:-1"},"canonical":"https:\/\/www.okeangallery.com\/site\/shop\/","og_locale":"fr_FR","og_type":"article","og_title":"Achat - Olga Kataeva-Rochford","og_url":"https:\/\/www.okeangallery.com\/site\/shop\/","og_site_name":"Olga Kataeva-Rochford","article_modified_time":"2025-12-11T11:28:15+00:00","twitter_card":"summary_large_image","twitter_misc":{"Dur\u00e9e de lecture estim\u00e9e":"5 minutes"},"schema":{"@context":"https:\/\/schema.org","@graph":[{"@type":"WebPage","@id":"https:\/\/www.okeangallery.com\/site\/shop\/","url":"https:\/\/www.okeangallery.com\/site\/shop\/","name":"Achat - Olga Kataeva-Rochford","isPartOf":{"@id":"https:\/\/www.okeangallery.com\/site\/#website"},"datePublished":"2022-12-25T16:44:51+00:00","dateModified":"2025-12-11T11:28:15+00:00","breadcrumb":{"@id":"https:\/\/www.okeangallery.com\/site\/shop\/#breadcrumb"},"inLanguage":"fr-FR","potentialAction":[{"@type":"ReadAction","target":["https:\/\/www.okeangallery.com\/site\/shop\/"]}]},{"@type":"BreadcrumbList","@id":"https:\/\/www.okeangallery.com\/site\/shop\/#breadcrumb","itemListElement":[{"@type":"ListItem","position":1,"name":"Home","item":"https:\/\/www.okeangallery.com\/site\/"},{"@type":"ListItem","position":2,"name":"Achat"}]},{"@type":"WebSite","@id":"https:\/\/www.okeangallery.com\/site\/#website","url":"https:\/\/www.okeangallery.com\/site\/","name":"{:en}Olga Kataeva-Rochford{:}{:fr}Olga Kataeva-Rochford{:}{:ru}Olga Kataeva-Rochford{:}{:zh}\u5965\u5c14\u52a0-\u5361\u5854\u8036\u5a03-\u7f57\u8d6b\u798f\u5fb7{:}","description":"Une artiste inspir\u00e9e par le voyage et la libert\u00e9","publisher":{"@id":"https:\/\/www.okeangallery.com\/site\/#organization"},"potentialAction":[{"@type":"SearchAction","target":{"@type":"EntryPoint","urlTemplate":"https:\/\/www.okeangallery.com\/site\/?s={search_term_string}"},"query-input":{"@type":"PropertyValueSpecification","valueRequired":true,"valueName":"search_term_string"}}],"inLanguage":"fr-FR"},{"@type":"Organization","@id":"https:\/\/www.okeangallery.com\/site\/#organization","name":"{:en}Olga Kataeva-Rochford{:}{:fr}Olga Kataeva-Rochford{:}{:ru}Olga Kataeva-Rochford{:}{:zh}\u5965\u5c14\u52a0-\u5361\u5854\u8036\u5a03-\u7f57\u8d6b\u798f\u5fb7{:}","url":"https:\/\/www.okeangallery.com\/site\/","logo":{"@type":"ImageObject","inLanguage":"fr-FR","@id":"https:\/\/www.okeangallery.com\/site\/#\/schema\/logo\/image\/","url":"https:\/\/www.okeangallery.com\/site\/wp-content\/uploads\/2023\/08\/logo-kataeva.jpg","contentUrl":"https:\/\/www.okeangallery.com\/site\/wp-content\/uploads\/2023\/08\/logo-kataeva.jpg","width":673,"height":636,"caption":"{:en}Olga Kataeva-Rochford{:}{:fr}Olga Kataeva-Rochford{:}{:ru}Olga Kataeva-Rochford{:}{:zh}\u5965\u5c14\u52a0-\u5361\u5854\u8036\u5a03-\u7f57\u8d6b\u798f\u5fb7{:}"},"image":{"@id":"https:\/\/www.okeangallery.com\/site\/#\/schema\/logo\/image\/"}}]}},"_links":{"self":[{"href":"https:\/\/www.okeangallery.com\/site\/fr\/wp-json\/wp\/v2\/pages\/62","targetHints":{"allow":["GET"]}}],"collection":[{"href":"https:\/\/www.okeangallery.com\/site\/fr\/wp-json\/wp\/v2\/pages"}],"about":[{"href":"https:\/\/www.okeangallery.com\/site\/fr\/wp-json\/wp\/v2\/types\/page"}],"author":[{"embeddable":true,"href":"https:\/\/www.okeangallery.com\/site\/fr\/wp-json\/wp\/v2\/users\/1"}],"replies":[{"embeddable":true,"href":"https:\/\/www.okeangallery.com\/site\/fr\/wp-json\/wp\/v2\/comments?post=62"}],"version-history":[{"count":10,"href":"https:\/\/www.okeangallery.com\/site\/fr\/wp-json\/wp\/v2\/pages\/62\/revisions"}],"predecessor-version":[{"id":38450,"href":"https:\/\/www.okeangallery.com\/site\/fr\/wp-json\/wp\/v2\/pages\/62\/revisions\/38450"}],"wp:attachment":[{"href":"https:\/\/www.okeangallery.com\/site\/fr\/wp-json\/wp\/v2\/media?parent=62"}],"curies":[{"name":"wp","href":"https:\/\/api.w.org\/{rel}","templated":true}]}}